{"id":57,"date":"2021-10-21T16:30:24","date_gmt":"2021-10-21T16:30:24","guid":{"rendered":"https:\/\/www.mantypiha.fi\/?page_id=57"},"modified":"2025-08-04T12:36:50","modified_gmt":"2025-08-04T12:36:50","slug":"yhteystiedot","status":"publish","type":"page","link":"https:\/\/www.mantypiha.fi\/index.php\/yhteystiedot\/","title":{"rendered":"Yhteystiedot"},"content":{"rendered":"\n<p><\/p>\n\n\n<div class=\"wp-block-image is-resized\">\n<figure class=\"aligncenter size-large\"><img loading=\"lazy\" decoding=\"async\" width=\"1024\" height=\"566\" src=\"https:\/\/www.mantypiha.fi\/wp-content\/uploads\/2021\/10\/10-1-1024x566.png\" alt=\"\" class=\"wp-image-103\" srcset=\"https:\/\/www.mantypiha.fi\/wp-content\/uploads\/2021\/10\/10-1-1024x566.png 1024w, https:\/\/www.mantypiha.fi\/wp-content\/uploads\/2021\/10\/10-1-300x166.png 300w, https:\/\/www.mantypiha.fi\/wp-content\/uploads\/2021\/10\/10-1-768x424.png 768w, https:\/\/www.mantypiha.fi\/wp-content\/uploads\/2021\/10\/10-1-1140x630.png 1140w, https:\/\/www.mantypiha.fi\/wp-content\/uploads\/2021\/10\/10-1.png 1280w\" sizes=\"auto, (max-width: 1024px) 100vw, 1024px\" \/><\/figure><\/div>\n\n\n<p class=\"has-text-align-center\"><strong>Kiinteist\u00f6 Oy Ikaalisten M\u00e4ntypiha<\/strong>  |   y-tunnus 1964733-0<\/p>\n\n\n\n<p class=\"has-text-align-center\">puh. 044-2374491  |  info.mantypiha@mantypiha.fi  <\/p>\n\n\n\n<p class=\"has-text-align-center\"><strong>K\u00e4yntiosoite:<\/strong> <\/p>\n\n\n\n<p class=\"has-text-align-center\">Ullanrinne 14 C\/D, 39500 Ikaalinen  <\/p>\n\n\n\n<p class=\"has-text-align-center has-vivid-cyan-blue-color has-text-color\"><a rel=\"noreferrer noopener\" href=\"https:\/\/www.google.fi\/maps\/search\/Ullanrinne+14+C%2FD,+39500+Ikaalinen\/@61.7813961,23.0071865,17z\/data=!3m1!4b1\" target=\"_blank\">Ullanrinne 14 C\/D, 39500 Ikaalinen \u2013 Google Maps<\/a> &#8211; Kartta<\/p>\n\n\n\n<p class=\"has-text-align-center\"><strong>Postiosoite:<\/strong> <\/p>\n\n\n\n<p class=\"has-text-align-center\">c\/o Sirpa Randell, Viront\u00f6rm\u00e4nkatu 10 C 58, 33310 Tampere<\/p>\n\n\n\n<div class=\"wp-block-columns is-layout-flex wp-container-core-columns-is-layout-1 wp-block-columns-is-layout-flex\">\n<div class=\"wp-block-column is-layout-flow wp-block-column-is-layout-flow\" style=\"flex-basis:100%\">\n<ul class=\"wp-block-list has-white-color has-text-color\">\n<li><\/li>\n<\/ul>\n<\/div>\n<\/div>\n\n\n\n<p class=\"has-text-align-center\"><strong>Hallitus:<\/strong><\/p>\n\n\n\n<p class=\"has-text-align-center\"><strong>Sirpa<\/strong> <strong>Randell, puheenjohtaja<\/strong>  |  puh. 044-2374491  |  info.mantypiha@mantypiha.fi <\/p>\n\n\n\n<p class=\"has-text-align-center\">varmimmin tavoitettavissa <strong>arkisin klo 18-20<\/strong> sek\u00e4 <strong>viikonloppuisin klo 14-20<\/strong><\/p>\n\n\n\n<p class=\"has-text-align-center\"><strong>Taina Kallus<\/strong>, varapuheenjohtaja | taina.kallus@outlook.com<\/p>\n\n\n\n<p class=\"has-text-align-center\"><strong>Raimo Keskinen<\/strong> | raimokeskinen@hotmail.com<\/p>\n\n\n\n<p class=\"has-text-align-center\"><strong>Marko Randell<\/strong>, hallituksen sihteeri<\/p>\n\n\n\n<div class=\"wp-block-columns is-layout-flex wp-container-core-columns-is-layout-2 wp-block-columns-is-layout-flex\">\n<div class=\"wp-block-column is-layout-flow wp-block-column-is-layout-flow\" style=\"flex-basis:100%\">\n<ul class=\"wp-block-list has-white-color has-text-color\">\n<li><\/li>\n<\/ul>\n<\/div>\n<\/div>\n\n\n\n<p class=\"has-text-align-center\"><strong>Kiinteist\u00f6nhoito:<\/strong><\/p>\n\n\n\n<p class=\"has-text-align-center\">Noitaper\u00e4n&nbsp;M\u00f6kkitalkkari <strong>Ari Hokkinen<\/strong>  |   puh. 050 5949467  |   noitaperan.mokkitalkkari@ippnet.fi<\/p>\n\n\n\n<p class=\"has-text-align-center\"><strong>Siivous:<\/strong><\/p>\n\n\n\n<p class=\"has-text-align-center\">Toivon Velhot oy <strong>Hanna Toivio<\/strong> | puh: 045 2644550 |&nbsp; hanna.toivio@outlook.com<\/p>\n\n\n\n<p class=\"has-text-align-center\">_ _ _ _ _ _ _ _ _ _ _ _ _ _ _ _ _ _ _ _ _ _ _ _<\/p>\n\n\n\n<p class=\"has-text-align-center\">Tilintarkastaja: Revisium Oy -tilintarkastusyhteis\u00f6, vastuutilintarkastaja Terhi Tirkkonen<\/p>\n\n\n\n<p class=\"has-text-align-center\">Taloushallinto: Tilitoimisto Rantalainen Oy, Helsinki<\/p>\n\n\n\n<p class=\"has-text-align-center\">_ _ _ _ _ _ _ _ _ _ _ _ _ _ _ _ _ _ _ _ _ _ _ _<\/p>\n\n\n\n<div class=\"wp-block-buttons is-content-justification-center is-layout-flex wp-container-core-buttons-is-layout-1 wp-block-buttons-is-layout-flex\">\n<div class=\"wp-block-button\"><a class=\"wp-block-button__link wp-element-button\" href=\"https:\/\/www.mantypiha.fi\/index.php\/tietosuojaseloste\">Tietosuojaseloste<\/a><\/div>\n<\/div>\n\n\n\n<p><\/p>\n\n\n<div class=\"wp-block-image\">\n<figure class=\"aligncenter size-large\"><img loading=\"lazy\" decoding=\"async\" width=\"1024\" height=\"390\" src=\"https:\/\/www.mantypiha.fi\/wp-content\/uploads\/2021\/10\/Ikaalisten-Mantypiha-lankku-1024x390.jpg\" alt=\"\" class=\"wp-image-175\" srcset=\"https:\/\/www.mantypiha.fi\/wp-content\/uploads\/2021\/10\/Ikaalisten-Mantypiha-lankku-1024x390.jpg 1024w, https:\/\/www.mantypiha.fi\/wp-content\/uploads\/2021\/10\/Ikaalisten-Mantypiha-lankku-300x114.jpg 300w, https:\/\/www.mantypiha.fi\/wp-content\/uploads\/2021\/10\/Ikaalisten-Mantypiha-lankku-768x292.jpg 768w, https:\/\/www.mantypiha.fi\/wp-content\/uploads\/2021\/10\/Ikaalisten-Mantypiha-lankku-1536x585.jpg 1536w, https:\/\/www.mantypiha.fi\/wp-content\/uploads\/2021\/10\/Ikaalisten-Mantypiha-lankku-1140x434.jpg 1140w, https:\/\/www.mantypiha.fi\/wp-content\/uploads\/2021\/10\/Ikaalisten-Mantypiha-lankku.jpg 1880w\" sizes=\"auto, (max-width: 1024px) 100vw, 1024px\" \/><\/figure><\/div>\n\n\n<p class=\"has-text-align-center\"><a rel=\"noreferrer noopener\" href=\"https:\/\/hotelli09.domainhotelli.fi:2096\/\" data-type=\"URL\" data-id=\"https:\/\/hotelli09.domainhotelli.fi:2096\/\" target=\"_blank\">[M]<\/a>   |   <a href=\"https:\/\/www.mantypiha.fi\/wp-login.php?redirect_to=https%3A%2F%2Fwww.mantypiha.fi%2Fwp-admin%2F&amp;reauth=1\" data-type=\"URL\" data-id=\"https:\/\/www.mantypiha.fi\/wp-login.php?redirect_to=https%3A%2F%2Fwww.mantypiha.fi%2Fwp-admin%2F&amp;reauth=1\" target=\"_blank\" rel=\"noreferrer noopener\">[W]<\/a><\/p>\n","protected":false},"excerpt":{"rendered":"<p>Kiinteist\u00f6 Oy Ikaalisten M\u00e4ntypiha | y-tunnus 1964733-0 puh. 044-2374491 | info.mantypiha@mantypiha.fi K\u00e4yntiosoite: Ullanrinne 14 C\/D, 39500 Ikaalinen Ullanrinne 14 C\/D, 39500 Ikaalinen \u2013 Google Maps &#8211; Kartta Postiosoite: c\/o Sirpa Randell, Viront\u00f6rm\u00e4nkatu 10 C 58, 33310 Tampere Hallitus: Sirpa Randell, puheenjohtaja | puh. 044-2374491 | info.mantypiha@mantypiha.fi varmimmin tavoitettavissa arkisin klo 18-20 sek\u00e4 viikonloppuisin klo 14-20 Taina Kallus, varapuheenjohtaja | taina.kallus@outlook.com Raimo Keskinen | raimokeskinen@hotmail.com Marko Randell, hallituksen sihteeri Kiinteist\u00f6nhoito: Noitaper\u00e4n&nbsp;M\u00f6kkitalkkari Ari Hokkinen | puh. 050 5949467 | noitaperan.mokkitalkkari@ippnet.fi Siivous: Toivon Velhot oy Hanna Toivio | puh: 045 2644550 |&nbsp; hanna.toivio@outlook.com _ _ _ _ _ _ _ _ _ _ _ _ _ _ _ _ _ _ _ _ _ _ _ _ Tilintarkastaja: Revisium Oy -tilintarkastusyhteis\u00f6, vastuutilintarkastaja Terhi Tirkkonen Taloushallinto: Tilitoimisto Rantalainen Oy, Helsinki _ _ _ _ _ _ _ _ _ _ _ _ _ _ _ _ _ _ _ _ _ _ _ _ [M] | [W]<\/p>\n","protected":false},"author":2,"featured_media":0,"parent":0,"menu_order":0,"comment_status":"closed","ping_status":"closed","template":"","meta":{"footnotes":""},"class_list":["post-57","page","type-page","status-publish","hentry"],"_links":{"self":[{"href":"https:\/\/www.mantypiha.fi\/index.php\/wp-json\/wp\/v2\/pages\/57","targetHints":{"allow":["GET"]}}],"collection":[{"href":"https:\/\/www.mantypiha.fi\/index.php\/wp-json\/wp\/v2\/pages"}],"about":[{"href":"https:\/\/www.mantypiha.fi\/index.php\/wp-json\/wp\/v2\/types\/page"}],"author":[{"embeddable":true,"href":"https:\/\/www.mantypiha.fi\/index.php\/wp-json\/wp\/v2\/users\/2"}],"replies":[{"embeddable":true,"href":"https:\/\/www.mantypiha.fi\/index.php\/wp-json\/wp\/v2\/comments?post=57"}],"version-history":[{"count":28,"href":"https:\/\/www.mantypiha.fi\/index.php\/wp-json\/wp\/v2\/pages\/57\/revisions"}],"predecessor-version":[{"id":467,"href":"https:\/\/www.mantypiha.fi\/index.php\/wp-json\/wp\/v2\/pages\/57\/revisions\/467"}],"wp:attachment":[{"href":"https:\/\/www.mantypiha.fi\/index.php\/wp-json\/wp\/v2\/media?parent=57"}],"curies":[{"name":"wp","href":"https:\/\/api.w.org\/{rel}","templated":true}]}}