{"id":56,"date":"2021-10-21T16:30:24","date_gmt":"2021-10-21T16:30:24","guid":{"rendered":"https:\/\/www.mantypiha.fi\/?page_id=56"},"modified":"2024-11-07T14:06:50","modified_gmt":"2024-11-07T14:06:50","slug":"yhteyslomakkeet","status":"publish","type":"page","link":"https:\/\/www.mantypiha.fi\/index.php\/yhteyslomakkeet\/","title":{"rendered":"Yhteyslomakkeet"},"content":{"rendered":"<div class=\"wp-block-image\">\n<figure class=\"aligncenter size-large is-resized\"><img loading=\"lazy\" decoding=\"async\" width=\"1024\" height=\"566\" src=\"https:\/\/www.mantypiha.fi\/wp-content\/uploads\/2021\/10\/10-2-1024x566.png\" alt=\"\" class=\"wp-image-145\" style=\"width:183px;height:101px\" srcset=\"https:\/\/www.mantypiha.fi\/wp-content\/uploads\/2021\/10\/10-2-1024x566.png 1024w, https:\/\/www.mantypiha.fi\/wp-content\/uploads\/2021\/10\/10-2-300x166.png 300w, https:\/\/www.mantypiha.fi\/wp-content\/uploads\/2021\/10\/10-2-768x424.png 768w, https:\/\/www.mantypiha.fi\/wp-content\/uploads\/2021\/10\/10-2-1140x630.png 1140w, https:\/\/www.mantypiha.fi\/wp-content\/uploads\/2021\/10\/10-2.png 1280w\" sizes=\"auto, (max-width: 1024px) 100vw, 1024px\" \/><\/figure><\/div>\n\n\n<p class=\"has-text-align-center\"> *  *  * <\/p>\n\n\n\n<ul class=\"wp-block-list\">\n<li><strong><a href=\"https:\/\/www.mantypiha.fi\/index.php\/osakkeenomistajat-ilmoittavat\/\" data-type=\"URL\" data-id=\"https:\/\/www.mantypiha.fi\/index.php\/osakkeenomistajat-ilmoittavat\/\">Osakkeenomistajat ilmoittavat<\/a><\/strong><\/li>\n\n\n\n<li><strong><a href=\"https:\/\/www.mantypiha.fi\/index.php\/isannoitsijantodistuksen-tilaus\/\" data-type=\"URL\" data-id=\"https:\/\/www.mantypiha.fi\/index.php\/isannoitsijantodistuksen-tilaus\/\">Is\u00e4nn\u00f6itsij\u00e4ntodistuksen tilaus<\/a><\/strong><\/li>\n\n\n\n<li><a href=\"https:\/\/www.mantypiha.fi\/index.php\/vikailmoitus-kiinteistonhoitajalle\/\" data-type=\"URL\" data-id=\"https:\/\/www.mantypiha.fi\/index.php\/vikailmoitus-kiinteistonhoitajalle\/\"><strong>Vikailmoitus kiinteist\u00f6nhoitajalle<\/strong><\/a><\/li>\n\n\n\n<li><strong><a href=\"https:\/\/www.mantypiha.fi\/index.php\/talla-hetkella-vapaat-vuokrattavat-myytavat-viikot\/\" data-type=\"URL\" data-id=\"https:\/\/www.mantypiha.fi\/index.php\/talla-hetkella-vapaat-vuokrattavat-myytavat-viikot\/\">Vuokrattavat viikot<\/a><\/strong><\/li>\n\n\n\n<li><a href=\"https:\/\/www.mantypiha.fi\/index.php\/siivous\/\"><strong>Siivous<\/strong><\/a><\/li>\n\n\n\n<li><a href=\"https:\/\/www.mantypiha.fi\/index.php\/tietosuojaseloste\/\"><strong>Tietosuojaseloste<\/strong><\/a><\/li>\n<\/ul>\n\n\n\n<hr class=\"wp-block-separator has-css-opacity is-style-wide\"\/>\n\n\n\n<p><\/p>\n","protected":false},"excerpt":{"rendered":"<p>* * *<\/p>\n","protected":false},"author":1,"featured_media":0,"parent":0,"menu_order":0,"comment_status":"closed","ping_status":"closed","template":"","meta":{"footnotes":""},"class_list":["post-56","page","type-page","status-publish","hentry"],"_links":{"self":[{"href":"https:\/\/www.mantypiha.fi\/index.php\/wp-json\/wp\/v2\/pages\/56","targetHints":{"allow":["GET"]}}],"collection":[{"href":"https:\/\/www.mantypiha.fi\/index.php\/wp-json\/wp\/v2\/pages"}],"about":[{"href":"https:\/\/www.mantypiha.fi\/index.php\/wp-json\/wp\/v2\/types\/page"}],"author":[{"embeddable":true,"href":"https:\/\/www.mantypiha.fi\/index.php\/wp-json\/wp\/v2\/users\/1"}],"replies":[{"embeddable":true,"href":"https:\/\/www.mantypiha.fi\/index.php\/wp-json\/wp\/v2\/comments?post=56"}],"version-history":[{"count":17,"href":"https:\/\/www.mantypiha.fi\/index.php\/wp-json\/wp\/v2\/pages\/56\/revisions"}],"predecessor-version":[{"id":435,"href":"https:\/\/www.mantypiha.fi\/index.php\/wp-json\/wp\/v2\/pages\/56\/revisions\/435"}],"wp:attachment":[{"href":"https:\/\/www.mantypiha.fi\/index.php\/wp-json\/wp\/v2\/media?parent=56"}],"curies":[{"name":"wp","href":"https:\/\/api.w.org\/{rel}","templated":true}]}}