{"id":206,"date":"2021-11-09T12:04:31","date_gmt":"2021-11-09T12:04:31","guid":{"rendered":"https:\/\/www.mantypiha.fi\/?page_id=206"},"modified":"2021-11-29T10:42:35","modified_gmt":"2021-11-29T10:42:35","slug":"osakkeenomistajat-ilmoittavat","status":"publish","type":"page","link":"https:\/\/www.mantypiha.fi\/index.php\/osakkeenomistajat-ilmoittavat\/","title":{"rendered":"Osakkeenomistajat ilmoittavat"},"content":{"rendered":"\n<p><\/p>\n\n\n\n<p>Osakkeenomistajat ilmoittavat puheenjohtajalle vuokrattavista ja myyt\u00e4vist\u00e4 viikoista.<\/p>\n\n\n\n<p>Sopimukset vuokrauksesta \/ myynnist\u00e4 tehd\u00e4\u00e4n osakkeenomistajan ja vuokraajan \/ ostajan v\u00e4lill\u00e4.<\/p>\n\n\n\n<p>Lis\u00e4tietoja l\u00f6yd\u00e4t &lt;<strong><a href=\"\/ohjeet omistajalle viikon vuokrauksesta.pdf\" target=\"_blank\" rel=\"noreferrer noopener\">T\u00c4ST\u00c4<\/a><\/strong>>.<\/p>\n\n\n\n<p class=\"has-text-align-center\">*<\/p>\n\n\n\n<p><strong>Ilmoita hallituksen puheenjohtajalle vuokrattavista viikoista tai jos haluat myyd\u00e4 osuuden<\/strong><\/p>\n\n\n\n<div class=\"wp-block-contact-form-7-contact-form-selector\">\n<div class=\"wpcf7 no-js\" id=\"wpcf7-f131-o1\" lang=\"fi\" dir=\"ltr\">\n<div class=\"screen-reader-response\"><p role=\"status\" aria-live=\"polite\" aria-atomic=\"true\"><\/p> <ul><\/ul><\/div>\n<form action=\"\/index.php\/wp-json\/wp\/v2\/pages\/206#wpcf7-f131-o1\" method=\"post\" class=\"wpcf7-form init\" aria-label=\"Yhteydenottolomake\" novalidate=\"novalidate\" data-status=\"init\">\n<div style=\"display: none;\">\n<input type=\"hidden\" name=\"_wpcf7\" value=\"131\" \/>\n<input type=\"hidden\" name=\"_wpcf7_version\" value=\"5.9.8\" \/>\n<input type=\"hidden\" name=\"_wpcf7_locale\" value=\"fi\" \/>\n<input type=\"hidden\" name=\"_wpcf7_unit_tag\" value=\"wpcf7-f131-o1\" \/>\n<input type=\"hidden\" name=\"_wpcf7_container_post\" value=\"0\" \/>\n<input type=\"hidden\" name=\"_wpcf7_posted_data_hash\" value=\"\" \/>\n<\/div>\n<p><label> Nimesi<br \/>\n<span class=\"wpcf7-form-control-wrap\" data-name=\"your-name\"><input size=\"40\" maxlength=\"400\" class=\"wpcf7-form-control wpcf7-text wpcf7-validates-as-required\" aria-required=\"true\" aria-invalid=\"false\" value=\"\" type=\"text\" name=\"your-name\" \/><\/span> <\/label>\n<\/p>\n<p><label> S\u00e4hk\u00f6postisi<br \/>\n<span class=\"wpcf7-form-control-wrap\" data-name=\"your-email\"><input size=\"40\" maxlength=\"400\" class=\"wpcf7-form-control wpcf7-email wpcf7-validates-as-required wpcf7-text wpcf7-validates-as-email\" aria-required=\"true\" aria-invalid=\"false\" value=\"\" type=\"email\" name=\"your-email\" \/><\/span> <\/label>\n<\/p>\n<p><label> PuhelinNro<br \/>\n<span class=\"wpcf7-form-control-wrap\" data-name=\"tel-76\"><input size=\"40\" maxlength=\"400\" class=\"wpcf7-form-control wpcf7-tel wpcf7-validates-as-required wpcf7-text wpcf7-validates-as-tel\" aria-required=\"true\" aria-invalid=\"false\" value=\"\" type=\"tel\" name=\"tel-76\" \/><\/span> <\/label>\n<\/p>\n<p><label> Vuokraat tai haluat myyd\u00e4<br \/>\n<span class=\"wpcf7-form-control-wrap\" data-name=\"your-subject\"><input size=\"40\" maxlength=\"400\" class=\"wpcf7-form-control wpcf7-text wpcf7-validates-as-required\" aria-required=\"true\" aria-invalid=\"false\" value=\"\" type=\"text\" name=\"your-subject\" \/><\/span> <\/label>\n<\/p>\n<p><label> Viestisi hallituksen puheenjohtajalle<br \/>\n<span class=\"wpcf7-form-control-wrap\" data-name=\"your-message\"><textarea cols=\"40\" rows=\"10\" maxlength=\"2000\" class=\"wpcf7-form-control wpcf7-textarea wpcf7-validates-as-required\" aria-required=\"true\" aria-invalid=\"false\" name=\"your-message\"><\/textarea><\/span> <\/label>\n<\/p>\n<p><input class=\"wpcf7-form-control wpcf7-submit has-spinner\" type=\"submit\" value=\"L\u00e4het\u00e4\" \/>\n<\/p><div class=\"wpcf7-response-output\" aria-hidden=\"true\"><\/div>\n<\/form>\n<\/div>\n<\/div>\n\n\n\n<p><\/p>\n","protected":false},"excerpt":{"rendered":"<p>Osakkeenomistajat ilmoittavat puheenjohtajalle vuokrattavista ja myyt\u00e4vist\u00e4 viikoista. Sopimukset vuokrauksesta \/ myynnist\u00e4 tehd\u00e4\u00e4n osakkeenomistajan ja vuokraajan \/ ostajan v\u00e4lill\u00e4. Lis\u00e4tietoja l\u00f6yd\u00e4t &lt;T\u00c4ST\u00c4>. * Ilmoita hallituksen puheenjohtajalle vuokrattavista viikoista tai jos haluat myyd\u00e4 osuuden<\/p>\n","protected":false},"author":1,"featured_media":0,"parent":0,"menu_order":0,"comment_status":"closed","ping_status":"closed","template":"","meta":{"footnotes":""},"class_list":["post-206","page","type-page","status-publish","hentry"],"_links":{"self":[{"href":"https:\/\/www.mantypiha.fi\/index.php\/wp-json\/wp\/v2\/pages\/206","targetHints":{"allow":["GET"]}}],"collection":[{"href":"https:\/\/www.mantypiha.fi\/index.php\/wp-json\/wp\/v2\/pages"}],"about":[{"href":"https:\/\/www.mantypiha.fi\/index.php\/wp-json\/wp\/v2\/types\/page"}],"author":[{"embeddable":true,"href":"https:\/\/www.mantypiha.fi\/index.php\/wp-json\/wp\/v2\/users\/1"}],"replies":[{"embeddable":true,"href":"https:\/\/www.mantypiha.fi\/index.php\/wp-json\/wp\/v2\/comments?post=206"}],"version-history":[{"count":6,"href":"https:\/\/www.mantypiha.fi\/index.php\/wp-json\/wp\/v2\/pages\/206\/revisions"}],"predecessor-version":[{"id":255,"href":"https:\/\/www.mantypiha.fi\/index.php\/wp-json\/wp\/v2\/pages\/206\/revisions\/255"}],"wp:attachment":[{"href":"https:\/\/www.mantypiha.fi\/index.php\/wp-json\/wp\/v2\/media?parent=206"}],"curies":[{"name":"wp","href":"https:\/\/api.w.org\/{rel}","templated":true}]}}