{"id":184,"date":"2021-11-09T11:15:16","date_gmt":"2021-11-09T11:15:16","guid":{"rendered":"https:\/\/www.mantypiha.fi\/?page_id=184"},"modified":"2026-03-26T11:24:59","modified_gmt":"2026-03-26T11:24:59","slug":"talla-hetkella-vapaat-vuokrattavat-myytavat-viikot","status":"publish","type":"page","link":"https:\/\/www.mantypiha.fi\/index.php\/talla-hetkella-vapaat-vuokrattavat-myytavat-viikot\/","title":{"rendered":"T\u00e4ll\u00e4 hetkell\u00e4 vapaat vuokrattavat \/ myyt\u00e4v\u00e4t viikot"},"content":{"rendered":"\n<p class=\"has-text-align-center\"><\/p>\n\n\n<div class=\"wp-block-image is-resized\">\n<figure class=\"aligncenter\"><img decoding=\"async\" src=\"https:\/\/www.mantypiha.fi\/wp-content\/uploads\/2021\/10\/10-2-1024x566.png\" alt=\"\"\/><\/figure><\/div>\n\n\n<p><\/p>\n\n\n\n<p>&#8212;&#8212;&#8212;&#8212;&#8212;&#8212;&#8212;-<\/p>\n\n\n\n<p><strong>VAPAAT VUOKRATTAVAT VIIKOT: <\/strong><\/p>\n\n\n\n<p>Vuokrataan\/myyd\u00e4\u00e4n KOY Ikaalisten M\u00e4ntypihan osake A.2.16 (viikko 16)<\/p>\n\n\n\n<p>Vuokrataan\/myyd\u00e4\u00e4n KOY Ikaalisten M\u00e4ntypihan osake A.1.14 (viikko 14)<\/p>\n\n\n\n<p><\/p>\n\n\n\n<p><\/p>\n\n\n\n<p><\/p>\n\n\n\n<p><\/p>\n\n\n\n<p><\/p>\n\n\n\n<p>&#8212;&#8212;&#8212;&#8212;&#8212;&#8212;&#8212;-<\/p>\n\n\n\n<p><strong>VAPAAT MYYT\u00c4V\u00c4T VIIKOT: <\/strong><\/p>\n\n\n\n<p>Omistaja myy KOY Ikaalisten M\u00e4ntypihan osakkeen A.1.1 (viikko 1). Hp. 1500 \u20ac<\/p>\n\n\n\n<p>Myyd\u00e4\u00e4n osake A.1.11 (viikko 11). Hp. 800 \u20ac<\/p>\n\n\n\n<p>Omistaja myy KOY Ikaalisten M\u00e4ntypihan osakkeen A.2.26 (Juhannusviikko, viikko 26)<\/p>\n\n\n\n<p>Myyd\u00e4\u00e4n KOY Ikaalisten M\u00e4ntypihan osake A.1.36 (viikko 36)<\/p>\n\n\n\n<p>Myyd\u00e4\u00e4n KOY Ikaalisten M\u00e4ntypihan osake A.1.24 (viikko 24). Hp. 900 \u20ac, hinta neuvoteltavissa<\/p>\n\n\n\n<p>Omistaja myy KOY Ikaalisten M\u00e4ntypihan osakkeen A.2.21 (viikko 21)<\/p>\n\n\n\n<p>Myyd\u00e4\u00e4n osake A.2.27 (viikko 27). Hp. 800 \u20ac<\/p>\n\n\n\n<p>Myyd\u00e4\u00e4n KOY Ikaalisten M\u00e4ntypihan osake A.2.38 (viikko 38). Hp. 500 \u20ac<\/p>\n\n\n\n<p>Myyd\u00e4\u00e4n KOY Ikaalisten M\u00e4ntypihan osake A.2.41 (viikko 41). Hp. 750 \u20ac<\/p>\n\n\n\n<p>Myyd\u00e4\u00e4n\/vuokrataan KOY Ikaalisten M\u00e4ntypihan osake A.2.16 (viikko 16)<\/p>\n\n\n\n<p>Myyd\u00e4\u00e4n KOY Ikaalisten M\u00e4ntypihan osake A.1.14 (viikko 14)<\/p>\n\n\n\n<p>&#8212;&#8212;&#8212;&#8212;&#8212;&#8212;&#8212;-<\/p>\n\n\n\n<ul class=\"wp-block-list\">\n<li>Vaihtop\u00e4iv\u00e4 on lomaviikkoa edelt\u00e4v\u00e4n viikon perjantaina klo 18.<\/li>\n\n\n\n<li>Lomaviikko p\u00e4\u00e4ttyy varatun viikon perjantaina klo 13.<\/li>\n<\/ul>\n\n\n\n<p> &#8212;&#8212;&#8212;&#8212;&#8212;&#8212;&#8212;- <\/p>\n\n\n\n<p><strong>L\u00e4het\u00e4 viesti halukkuudestasi vuokrata tai ostaa vapaana oleva viikko<\/strong><\/p>\n\n\n\n<div class=\"wp-block-contact-form-7-contact-form-selector\">\n<div class=\"wpcf7 no-js\" id=\"wpcf7-f157-o1\" lang=\"fi\" dir=\"ltr\">\n<div class=\"screen-reader-response\"><p role=\"status\" aria-live=\"polite\" aria-atomic=\"true\"><\/p> <ul><\/ul><\/div>\n<form action=\"\/index.php\/wp-json\/wp\/v2\/pages\/184#wpcf7-f157-o1\" method=\"post\" class=\"wpcf7-form init\" aria-label=\"Yhteydenottolomake\" novalidate=\"novalidate\" data-status=\"init\">\n<div style=\"display: none;\">\n<input type=\"hidden\" name=\"_wpcf7\" value=\"157\" \/>\n<input type=\"hidden\" name=\"_wpcf7_version\" value=\"5.9.8\" \/>\n<input type=\"hidden\" name=\"_wpcf7_locale\" value=\"fi\" \/>\n<input type=\"hidden\" name=\"_wpcf7_unit_tag\" value=\"wpcf7-f157-o1\" \/>\n<input type=\"hidden\" name=\"_wpcf7_container_post\" value=\"0\" \/>\n<input type=\"hidden\" name=\"_wpcf7_posted_data_hash\" value=\"\" \/>\n<\/div>\n<p><label> Nimesi<br \/>\n<span class=\"wpcf7-form-control-wrap\" data-name=\"your-name\"><input size=\"40\" maxlength=\"400\" class=\"wpcf7-form-control wpcf7-text wpcf7-validates-as-required\" aria-required=\"true\" aria-invalid=\"false\" value=\"\" type=\"text\" name=\"your-name\" \/><\/span> <\/label>\n<\/p>\n<p><label> S\u00e4hk\u00f6posti<br \/>\n<span class=\"wpcf7-form-control-wrap\" data-name=\"your-email\"><input size=\"40\" maxlength=\"400\" class=\"wpcf7-form-control wpcf7-email wpcf7-validates-as-required wpcf7-text wpcf7-validates-as-email\" aria-required=\"true\" aria-invalid=\"false\" value=\"\" type=\"email\" name=\"your-email\" \/><\/span> <\/label>\n<\/p>\n<p><label> Puhelin Nro<br \/>\n<span class=\"wpcf7-form-control-wrap\" data-name=\"tel-796\"><input size=\"40\" maxlength=\"400\" class=\"wpcf7-form-control wpcf7-tel wpcf7-validates-as-required wpcf7-text wpcf7-validates-as-tel\" aria-required=\"true\" aria-invalid=\"false\" value=\"\" type=\"tel\" name=\"tel-796\" \/><\/span> <\/label>\n<\/p>\n<p><label> Aihe<br \/>\n<span class=\"wpcf7-form-control-wrap\" data-name=\"your-subject\"><input size=\"40\" maxlength=\"400\" class=\"wpcf7-form-control wpcf7-text wpcf7-validates-as-required\" aria-required=\"true\" aria-invalid=\"false\" value=\"\" type=\"text\" name=\"your-subject\" \/><\/span> <\/label>\n<\/p>\n<p><label> Viestisi<br \/>\n<span class=\"wpcf7-form-control-wrap\" data-name=\"your-message\"><textarea cols=\"40\" rows=\"10\" maxlength=\"2000\" class=\"wpcf7-form-control wpcf7-textarea wpcf7-validates-as-required\" aria-required=\"true\" aria-invalid=\"false\" name=\"your-message\"><\/textarea><\/span> <\/label>\n<\/p>\n<p><input class=\"wpcf7-form-control wpcf7-submit has-spinner\" type=\"submit\" value=\"L\u00e4het\u00e4\" \/>\n<\/p><div class=\"wpcf7-response-output\" aria-hidden=\"true\"><\/div>\n<\/form>\n<\/div>\n<\/div>\n\n\n<div class=\"wp-block-image\">\n<figure class=\"aligncenter is-resized\"><img decoding=\"async\" src=\"https:\/\/www.mantypiha.fi\/wp-content\/uploads\/2021\/10\/10-2-1024x566.png\" alt=\"\" style=\"width:232px;height:128px\"\/><\/figure><\/div>","protected":false},"excerpt":{"rendered":"<p>&#8212;&#8212;&#8212;&#8212;&#8212;&#8212;&#8212;- VAPAAT VUOKRATTAVAT VIIKOT: Vuokrataan\/myyd\u00e4\u00e4n KOY Ikaalisten M\u00e4ntypihan osake A.2.16 (viikko 16) Vuokrataan\/myyd\u00e4\u00e4n KOY Ikaalisten M\u00e4ntypihan osake A.1.14 (viikko 14) &#8212;&#8212;&#8212;&#8212;&#8212;&#8212;&#8212;- VAPAAT MYYT\u00c4V\u00c4T VIIKOT: Omistaja myy KOY Ikaalisten M\u00e4ntypihan osakkeen A.1.1 (viikko 1). Hp. 1500 \u20ac Myyd\u00e4\u00e4n osake A.1.11 (viikko 11). Hp. 800 \u20ac Omistaja myy KOY Ikaalisten M\u00e4ntypihan osakkeen A.2.26 (Juhannusviikko, viikko 26) Myyd\u00e4\u00e4n KOY Ikaalisten M\u00e4ntypihan osake A.1.36 (viikko 36) Myyd\u00e4\u00e4n KOY Ikaalisten M\u00e4ntypihan osake A.1.24 (viikko 24). Hp. 900 \u20ac, hinta neuvoteltavissa Omistaja myy KOY Ikaalisten M\u00e4ntypihan osakkeen A.2.21 (viikko 21) Myyd\u00e4\u00e4n osake A.2.27 (viikko 27). Hp. 800 \u20ac Myyd\u00e4\u00e4n KOY Ikaalisten M\u00e4ntypihan osake A.2.38 (viikko 38). Hp. 500 \u20ac Myyd\u00e4\u00e4n KOY Ikaalisten M\u00e4ntypihan osake A.2.41 (viikko 41). Hp. 750 \u20ac Myyd\u00e4\u00e4n\/vuokrataan KOY Ikaalisten M\u00e4ntypihan osake A.2.16 (viikko 16) Myyd\u00e4\u00e4n KOY Ikaalisten M\u00e4ntypihan osake A.1.14 (viikko 14) &#8212;&#8212;&#8212;&#8212;&#8212;&#8212;&#8212;- &#8212;&#8212;&#8212;&#8212;&#8212;&#8212;&#8212;- L\u00e4het\u00e4 viesti halukkuudestasi vuokrata tai ostaa vapaana oleva viikko<\/p>\n","protected":false},"author":2,"featured_media":0,"parent":0,"menu_order":0,"comment_status":"closed","ping_status":"closed","template":"","meta":{"footnotes":""},"class_list":["post-184","page","type-page","status-publish","hentry"],"_links":{"self":[{"href":"https:\/\/www.mantypiha.fi\/index.php\/wp-json\/wp\/v2\/pages\/184","targetHints":{"allow":["GET"]}}],"collection":[{"href":"https:\/\/www.mantypiha.fi\/index.php\/wp-json\/wp\/v2\/pages"}],"about":[{"href":"https:\/\/www.mantypiha.fi\/index.php\/wp-json\/wp\/v2\/types\/page"}],"author":[{"embeddable":true,"href":"https:\/\/www.mantypiha.fi\/index.php\/wp-json\/wp\/v2\/users\/2"}],"replies":[{"embeddable":true,"href":"https:\/\/www.mantypiha.fi\/index.php\/wp-json\/wp\/v2\/comments?post=184"}],"version-history":[{"count":48,"href":"https:\/\/www.mantypiha.fi\/index.php\/wp-json\/wp\/v2\/pages\/184\/revisions"}],"predecessor-version":[{"id":481,"href":"https:\/\/www.mantypiha.fi\/index.php\/wp-json\/wp\/v2\/pages\/184\/revisions\/481"}],"wp:attachment":[{"href":"https:\/\/www.mantypiha.fi\/index.php\/wp-json\/wp\/v2\/media?parent=184"}],"curies":[{"name":"wp","href":"https:\/\/api.w.org\/{rel}","templated":true}]}}